{"id":10,"date":"2019-03-01T10:48:39","date_gmt":"2019-03-01T09:48:39","guid":{"rendered":"http:\/\/osp-antoniow.ozimek.pl\/wordpress\/?page_id=10"},"modified":"2023-10-06T09:15:30","modified_gmt":"2023-10-06T07:15:30","slug":"kontakt","status":"publish","type":"page","link":"http:\/\/osp-antoniow.ozimek.pl\/wordpress\/?page_id=10","title":{"rendered":"Kontakt"},"content":{"rendered":"<p>OSP Antoni\u00f3w<\/p>\n<p>ul. Powsta\u0144c\u00f3w \u015al. 52<\/p>\n<p>46-040 Ozimek<\/p>\n<p>osp_antoniow@interia.pl<\/p>\n","protected":false},"excerpt":{"rendered":"<p>OSP Antoni\u00f3w ul. Powsta\u0144c\u00f3w \u015al. 52 46-040 Ozimek osp_antoniow@interia.pl<\/p>\n","protected":false},"author":1,"featured_media":5,"parent":0,"menu_order":0,"comment_status":"closed","ping_status":"closed","template":"","meta":{"footnotes":""},"class_list":["post-10","page","type-page","status-publish","has-post-thumbnail","hentry"],"_links":{"self":[{"href":"http:\/\/osp-antoniow.ozimek.pl\/wordpress\/index.php?rest_route=\/wp\/v2\/pages\/10","targetHints":{"allow":["GET"]}}],"collection":[{"href":"http:\/\/osp-antoniow.ozimek.pl\/wordpress\/index.php?rest_route=\/wp\/v2\/pages"}],"about":[{"href":"http:\/\/osp-antoniow.ozimek.pl\/wordpress\/index.php?rest_route=\/wp\/v2\/types\/page"}],"author":[{"embeddable":true,"href":"http:\/\/osp-antoniow.ozimek.pl\/wordpress\/index.php?rest_route=\/wp\/v2\/users\/1"}],"replies":[{"embeddable":true,"href":"http:\/\/osp-antoniow.ozimek.pl\/wordpress\/index.php?rest_route=%2Fwp%2Fv2%2Fcomments&post=10"}],"version-history":[{"count":4,"href":"http:\/\/osp-antoniow.ozimek.pl\/wordpress\/index.php?rest_route=\/wp\/v2\/pages\/10\/revisions"}],"predecessor-version":[{"id":354,"href":"http:\/\/osp-antoniow.ozimek.pl\/wordpress\/index.php?rest_route=\/wp\/v2\/pages\/10\/revisions\/354"}],"wp:featuredmedia":[{"embeddable":true,"href":"http:\/\/osp-antoniow.ozimek.pl\/wordpress\/index.php?rest_route=\/wp\/v2\/media\/5"}],"wp:attachment":[{"href":"http:\/\/osp-antoniow.ozimek.pl\/wordpress\/index.php?rest_route=%2Fwp%2Fv2%2Fmedia&parent=10"}],"curies":[{"name":"wp","href":"https:\/\/api.w.org\/{rel}","templated":true}]}}