{"id":9,"date":"2019-03-01T10:48:39","date_gmt":"2019-03-01T09:48:39","guid":{"rendered":"http:\/\/osp-antoniow.ozimek.pl\/wordpress\/?page_id=9"},"modified":"2021-01-02T19:17:41","modified_gmt":"2021-01-02T18:17:41","slug":"o-nas","status":"publish","type":"page","link":"http:\/\/osp-antoniow.ozimek.pl\/wordpress\/?page_id=9","title":{"rendered":"Zarz\u0105d"},"content":{"rendered":"<p>Prezes &#8211; Norbert Halupcyok<\/p>\n<p>Naczelnik &#8211; Marek Pa\u0144czyk<\/p>\n<p>II Naczelnik &#8211; Marian Wr\u00f3bel<\/p>\n<p>Skarbnik &#8211; \u0141ukasz Bednarz<\/p>\n<p>Skarbnik &#8211; Andrzej Pa\u0144czyk<\/p>\n<p>Gospodarz &#8211; Pawe\u0142 Nadolny<\/p>\n<p>Kronikarz &#8211; Grzegorz Kokot<\/p>\n<p>Cz\u0142onek &#8211; Dominik Krok<\/p>\n","protected":false},"excerpt":{"rendered":"<p>Prezes &#8211; Norbert Halupcyok Naczelnik &#8211; Marek Pa\u0144czyk II Naczelnik &#8211; Marian Wr\u00f3bel Skarbnik &#8211; \u0141ukasz Bednarz Skarbnik &#8211; Andrzej Pa\u0144czyk Gospodarz &#8211; Pawe\u0142 Nadolny Kronikarz &#8211; Grzegorz Kokot Cz\u0142onek &#8211; Dominik Krok<\/p>\n","protected":false},"author":1,"featured_media":6,"parent":0,"menu_order":0,"comment_status":"closed","ping_status":"closed","template":"","meta":{"footnotes":""},"class_list":["post-9","page","type-page","status-publish","has-post-thumbnail","hentry"],"_links":{"self":[{"href":"http:\/\/osp-antoniow.ozimek.pl\/wordpress\/index.php?rest_route=\/wp\/v2\/pages\/9","targetHints":{"allow":["GET"]}}],"collection":[{"href":"http:\/\/osp-antoniow.ozimek.pl\/wordpress\/index.php?rest_route=\/wp\/v2\/pages"}],"about":[{"href":"http:\/\/osp-antoniow.ozimek.pl\/wordpress\/index.php?rest_route=\/wp\/v2\/types\/page"}],"author":[{"embeddable":true,"href":"http:\/\/osp-antoniow.ozimek.pl\/wordpress\/index.php?rest_route=\/wp\/v2\/users\/1"}],"replies":[{"embeddable":true,"href":"http:\/\/osp-antoniow.ozimek.pl\/wordpress\/index.php?rest_route=%2Fwp%2Fv2%2Fcomments&post=9"}],"version-history":[{"count":2,"href":"http:\/\/osp-antoniow.ozimek.pl\/wordpress\/index.php?rest_route=\/wp\/v2\/pages\/9\/revisions"}],"predecessor-version":[{"id":34,"href":"http:\/\/osp-antoniow.ozimek.pl\/wordpress\/index.php?rest_route=\/wp\/v2\/pages\/9\/revisions\/34"}],"wp:featuredmedia":[{"embeddable":true,"href":"http:\/\/osp-antoniow.ozimek.pl\/wordpress\/index.php?rest_route=\/wp\/v2\/media\/6"}],"wp:attachment":[{"href":"http:\/\/osp-antoniow.ozimek.pl\/wordpress\/index.php?rest_route=%2Fwp%2Fv2%2Fmedia&parent=9"}],"curies":[{"name":"wp","href":"https:\/\/api.w.org\/{rel}","templated":true}]}}